{"id":3744,"date":"2019-11-13T10:56:47","date_gmt":"2019-11-13T09:56:47","guid":{"rendered":"https:\/\/www.moser-holzindustrie.at\/datenschutzerklaerung\/"},"modified":"2025-11-04T11:12:48","modified_gmt":"2025-11-04T10:12:48","slug":"datenschutzerklaerung","status":"publish","type":"page","link":"https:\/\/www.moser-holzindustrie.at\/cs\/datenschutzerklaerung\/","title":{"rendered":"Datenschutz"},"content":{"rendered":"<div id=\"content\">\n<div class=\"fullwidth\">\n<div class=\"halfwidth float-left\">\n<h3>Datenschutzerkl\u00e4rung<\/h3>\n<p class=\"bodytext\">Der Schutz Ihrer pers\u00f6nlichen Daten ist uns ein besonderes Anliegen. Wir verarbeiten Ihre Daten daher ausschlie\u00dflich auf Grundlage der gesetzlichen Bestimmungen (DSGVO, TKG 2003). In diesen Datenschutzinformationen informieren wir Sie \u00fcber die wichtigsten Aspekte der Datenverarbeitung im Rahmen unserer Gesch\u00e4ftsgebarung.<\/p>\n<h3>Zweckbindung, Rechtsgrundlage, Speicherdauer sowie Datenempf\u00e4nger<\/h3>\n<p class=\"bodytext\">Die gesammelten personenbezogenen Daten ben\u00f6tigen wir zur Vertragserf\u00fcllung, Verrechnung, Geltendmachung der Vertragsanspr\u00fcche, f\u00fcr Zwecke des Kundenservice und f\u00fcr Werbezwecke (ausschlie\u00dflich im Rahmen der eigenen Gesch\u00e4ftst\u00e4tigkeiten). Die Daten werden hierf\u00fcr erhoben, gespeichert, verarbeitet und genutzt.<\/p>\n<p class=\"bodytext\">Die rechtlichen Grundlagen f\u00fcr die Verarbeitung von Ihren personenbezogenen Daten sind einerseits Vertragserf\u00fcllung, berechtigte Interessen, die Erf\u00fcllung unserer rechtlichen bzw. vertraglichen Verpflichtungen sowie andererseits Ihre Einwilligung (zB. Kontaktformular).<\/p>\n<p class=\"bodytext\">Wir verarbeiten Ihre personenbezogenen Daten (Firmenname, Kontaktperson, Adresse, UID.-Nummer, Telefonnummer, Mailadresse, Website), soweit erforderlich, f\u00fcr die Dauer der gesamten Gesch\u00e4ftsbeziehung (von der Anbahnung, Abwicklung bis zur Beendigung eines Vertrags) sowie dar\u00fcber hinaus gem\u00e4\u00df den gesetzlichen Aufbewahrungs- und Dokumentationspflichten, die sich ua. aus dem Unternehmensgesetzbuch (UGB), der Bundesabgabenordnung (BAO) ergeben, sowie bis zur Beendigung eines allf\u00e4lligen Rechtsstreits.<\/p>\n<p class=\"bodytext\">Im Rahmen der Betreibung unserer Website beauftragen wir eine Werbeagentur und einen IT-Dienstleister, die im Zuge ihrer T\u00e4tigkeiten Zugriff auf Ihre personenbezogenen Daten erlangen k\u00f6nnen, sofern diese die Daten zur Erf\u00fcllung ihrer jeweiligen Leistung ben\u00f6tigen. Diese haben sich zur Einhaltung der geltenden datenschutzrechtlichen Bestimmungen uns gegen\u00fcber verpflichtet. Es wurden Auftragsverarbeitungsvertr\u00e4ge gem\u00e4\u00df Art 28 DSGVO abgeschlossen. N\u00e4here Informationen zu den von uns beauftragten Auftragsverarbeitern k\u00f6nnen Sie unter <a rel=\"nofollow\" target=\"_blank\"  class=\"mail\" title=\"Opens window for sending email\" href=\"mailto:office@moser-holzindustrie.at\">office@moser-holzindustrie.at<\/a> anfragen.<\/p>\n<h3>Datensicherheit<\/h3>\n<p class=\"bodytext\">Firma Moser Holzindustrie GmbH setzt technische und organisatorische Sicherheitsma\u00dfnahmen ein, um die gespeicherten personenbezogenen Daten gegen zuf\u00e4llige oder vors\u00e4tzliche Manipulation, Verlust oder Zerst\u00f6rung und gegen den Zugriff unberechtigter Personen zu sch\u00fctzen. Unsere Sicherheitsma\u00dfnahmen werden entsprechend des technischen Fortschritts fortlaufend verbessert.<\/p>\n<h3>Cookies<\/h3>\n<p class=\"bodytext\">Cookies sind kleine Textinformationen, die eine Wiedererkennung des Nutzers und eine Analyse Ihrer Nutzung unserer Websites m\u00f6glich machen. Die dadurch erzeugten Informationen werden auf den Server des Anbieters \u00fcbertragen und dort gespeichert. Sie dienen dazu, unsere Internetpr\u00e4senz insgesamt nutzerfreundlicher, effektiver sowie sicherer zu machen. Zudem dienen Cookies zur Messung der H\u00e4ufigkeit von Seitenaufrufen und zur allgemeinen Navigation.<\/p>\n<p class=\"bodytext\">Durch die Nutzung unserer Website willigen Sie damit ein, dass wir Cookies setzen. Sie k\u00f6nnen in Ihren Browsereinstellungen die Annahme von Cookies verweigern. Wie dies im Einzelnen funktioniert, entnehmen Sie bitte der Anleitung Ihres Browser-Herstellers. Wenn Sie sich gegen bestimmte technische und\/oder funktionelle Cookies entscheiden, k\u00f6nnte die Funktionalit\u00e4t unserer Website eventuell eingeschr\u00e4nkt werden. Einige Cookies bleiben auf Ihrem Endger\u00e4t gespeichert bis Sie diese l\u00f6schen.<\/p>\n<\/div>\n<div class=\"halfwidth float-right resp-img-holder\">\n<h3>Web-Analyse<\/h3>\n<p class=\"bodytext\">Diese Website benutzt Google Analytics, einen Webanalysedienst der Google Inc. (&#8222;Google&#8220;). Google Analytics verwendet sog. &#8222;Cookies&#8220;, Textdateien, die auf Ihrem Computer gespeichert werden und die eine Analyse der Benutzung der Website durch Sie erm\u00f6glichen. Die durch die Cookies erzeugten Informationen \u00fcber Ihre Benutzung dieser Website werden in der Regel an einen Server von Google in den USA \u00fcbertragen und dort gespeichert. Im Falle der Aktivierung der IP-Anonymisierung auf dieser Webseite, wird Ihre IP-Adresse von Google jedoch innerhalb von Mitgliedstaaten der Europ\u00e4ischen Union oder in anderen Vertragsstaaten des Abkommens \u00fcber den Europ\u00e4ischen Wirtschaftsraum zuvor gek\u00fcrzt. Nur in Ausnahmef\u00e4llen wird die volle IP-Adresse an einen Server von Google in den USA \u00fcbertragen und dort gek\u00fcrzt. Die IP-Anonymisierung ist auf dieser Website aktiv. Im Auftrag des Betreibers dieser Website wird Google diese Informationen benutzen, um Ihre Nutzung der Website auszuwerten, um Reports \u00fcber die Websiteaktivit\u00e4ten zusammenzustellen und um weitere mit der Websitenutzung und der Internetnutzung verbundene Dienstleistungen gegen\u00fcber dem Websitebetreiber zu erbringen. Die im Rahmen von Google Analytics von Ihrem Browser \u00fcbermittelte IP-Adresse wird nicht mit anderen Daten von Google zusammengef\u00fchrt. Sie k\u00f6nnen die Speicherung der Cookies durch eine entsprechende Einstellung Ihrer Browser-Software verhindern; wir weisen Sie jedoch darauf hin, dass Sie in diesem Fall gegebenenfalls nicht s\u00e4mtliche Funktionen dieser Website vollumf\u00e4nglich werden nutzen k\u00f6nnen. Sie k\u00f6nnen dar\u00fcber hinaus die Erfassung der durch die Cookies erzeugten und auf Ihre Nutzung der Website bezogenen Daten (inkl. Ihrer IP-Adresse) an Google sowie die Verarbeitung dieser Daten durch Google verhindern, indem Sie das unter dem folgenden Link verf\u00fcgbare Browser-Plugin herunterladen und installieren: <a href=\"http:\/\/tools.google.com\/dlpage\/gaoptout?hl=de.\" target=\"_blank\" rel=\"nofollow\" target=\"_blank\" >http:\/\/tools.google.com\/dlpage\/gaoptout?hl=de.<\/a><\/p>\n<h3>Ihre Rechte<\/h3>\n<p class=\"bodytext\">Sie haben jederzeit das Recht auf Auskunft seitens des Verantwortlichen Firma Moser Holzindustrie GmbH, \u00fcber die betreffenden personenbezogenen Daten. Soweit keine gesetzliche<br \/>\nAufbewahrungspflicht besteht, haben Sie das Recht auf L\u00f6schung dieser Daten sowie Widerspruch gegen die Verarbeitung. Ferner haben Sie das Recht auf Berichtigung der Daten sowie auf Einschr\u00e4nkung der Verarbeitung, auf Daten\u00fcbertragbarkeit sowie auf Beschwerde bei der \u00d6sterreichischen Datenschutzbeh\u00f6rde (Wickenburggasse 8-10, 1080 Wien, E-Mail: dsb@dsb.gv.at).<br \/>\nWenden Sie sich bez\u00fcglich Ihrer Rechte bitte an uns:<\/p>\n<p>Moser Holzindustrie GmbH, Unterwei\u00dfburg 70, 5582 St. Michael\/Lg.<br \/>\nTelefon: +43 6477 7666-0<br \/>\nMail\u00a0\u00a0\u00a0 \u00a0: <a rel=\"nofollow\" target=\"_blank\"  class=\"mail\" title=\"Opens window for sending email\" href=\"mailto:office@moser-holzindustrie.at\">office@moser-holzindustrie.at<\/a><\/p>\n<p>Verantwortliche: Mag. Reinhard Moser<\/p>\n<\/div>\n<\/div>\n<\/div>\n","protected":false},"excerpt":{"rendered":"<p>Datenschutzerkl\u00e4rung Der Schutz Ihrer pers\u00f6nlichen Daten ist uns ein besonderes Anliegen. Wir verarbeiten Ihre Daten daher ausschlie\u00dflich auf Grundlage der gesetzlichen Bestimmungen (DSGVO, TKG 2003). In diesen Datenschutzinformationen informieren wir Sie \u00fcber die wichtigsten Aspekte der Datenverarbeitung im Rahmen unserer Gesch\u00e4ftsgebarung. Zweckbindung, Rechtsgrundlage, Speicherdauer sowie Datenempf\u00e4nger Die gesammelten personenbezogenen Daten ben\u00f6tigen wir zur Vertragserf\u00fcllung, Verrechnung, [&hellip;]<\/p>\n","protected":false},"author":1,"featured_media":0,"parent":0,"menu_order":1010,"comment_status":"closed","ping_status":"closed","template":"","meta":{"_acf_changed":false,"footnotes":""},"class_list":["post-3744","page","type-page","status-publish","hentry"],"acf":[],"_links":{"self":[{"href":"https:\/\/www.moser-holzindustrie.at\/cs\/wp-json\/wp\/v2\/pages\/3744","targetHints":{"allow":["GET"]}}],"collection":[{"href":"https:\/\/www.moser-holzindustrie.at\/cs\/wp-json\/wp\/v2\/pages"}],"about":[{"href":"https:\/\/www.moser-holzindustrie.at\/cs\/wp-json\/wp\/v2\/types\/page"}],"author":[{"embeddable":true,"href":"https:\/\/www.moser-holzindustrie.at\/cs\/wp-json\/wp\/v2\/users\/1"}],"replies":[{"embeddable":true,"href":"https:\/\/www.moser-holzindustrie.at\/cs\/wp-json\/wp\/v2\/comments?post=3744"}],"version-history":[{"count":0,"href":"https:\/\/www.moser-holzindustrie.at\/cs\/wp-json\/wp\/v2\/pages\/3744\/revisions"}],"wp:attachment":[{"href":"https:\/\/www.moser-holzindustrie.at\/cs\/wp-json\/wp\/v2\/media?parent=3744"}],"curies":[{"name":"wp","href":"https:\/\/api.w.org\/{rel}","templated":true}]}}