{"id":3734,"date":"2019-11-13T11:22:44","date_gmt":"2019-11-13T10:22:44","guid":{"rendered":"https:\/\/www.moser-holzindustrie.at\/impressum\/"},"modified":"2025-08-27T09:54:07","modified_gmt":"2025-08-27T07:54:07","slug":"impressum","status":"publish","type":"page","link":"https:\/\/www.moser-holzindustrie.at\/cs\/impressum\/","title":{"rendered":"Impressum"},"content":{"rendered":"<div id=\"content\">\n<div class=\"fullwidth\">\n<div class=\"halfwidth float-left\">\n<h2 class=\"block-title\"><span class=\"column-title\">Impressum<\/span><\/h2>\n<div class=\"info\">\n<div class=\"leftside-text\">\n<p class=\"bodytext\"><b>Medieninhaber, Herausgeber, Verleger:<\/b><br \/>\nMoser Holzindustrie GmbH<br \/>\nA-5582 St. Michael im Lungau<br \/>\nUnterwei\u00dfburg 70<br \/>\nT +43 6477-7666-0<br \/>\nF +43 6477-7566<\/p>\n<p class=\"bodytext\"><a rel=\"nofollow\" target=\"_blank\"  href=\"mailto:office@moser-holzindustrie.at\">office@moser-holzindustrie.at<\/a><br \/>\nwww.jedertraumhateinende.at<\/p>\n<p class=\"bodytext\"><b><br \/>\nInformationspflicht gem\u00e4\u00df Mediengesetz &amp; E-Commerce-Gesetz:<\/b><br \/>\nFirmenbuchnummer: FN 61990 m\u2028Gerichtsstand SalzburgUID-Nummer: ATU-33378109\u2028F\u00fcr den Inhalt verantwortlich: Moser Holzindustrie GmbH<\/p>\n<p class=\"bodytext\"><b>Copyright, Marken- und Schutzrechte<\/b><br \/>\nAlle Inhalte auf dieser Website sind urheberrechtlich gesch\u00fctzt. Texte, Bilder, Grafiken, Sound, Animationen und Videos unterliegen dem Schutz des Urheberrechts und anderer Schutzgesetze. Der Inhalt darf nicht zu kommerziellen Zwecken kopiert, verbreitet, ver\u00e4ndert oder Dritten zug\u00e4nglich gemacht werden. Jede Nutzung, insbesondere die Speicherung in Datenbanken, Vervielf\u00e4ltigung, Verbreitung, Bearbeitung und jede Form von gewerblicher Nutzung sowie die Weitergabe an Dritte &#8211; auch in Teilen oder in \u00fcberarbeiteter Form &#8211; ohne Zustimmung des Betreibers bzw. des Urhebers ist untersagt.<\/p>\n<p class=\"bodytext\"><b>Nutzungsbedingungen, Gew\u00e4hrleistung, Haftung \u00fcber Inhalt und Verlinkungen<\/b><br \/>\nDie Nutzung dieser Website erfolgt auf eigene Gefahr und auf eigenes Risiko. Wir \u00fcbernehmen weder Gew\u00e4hr f\u00fcr st\u00e4ndige Verf\u00fcgbarkeit, noch f\u00fcr die ver\u00f6ffentlichten Beitr\u00e4ge, Angebote,<\/p>\n<\/div>\n<div class=\"rightside-text\">Dienstleistungen und Services hinsichtlich Richtigkeit, Vollst\u00e4ndigkeit und Funktionalit\u00e4t. Die Gew\u00e4hrleistung richtet sich nach den gesetzlichen Bestimmungen. Jegliche Haftung f\u00fcr Sch\u00e4den, die direkt oder indirekt aus der Benutzung dieser Webseite entstehen, sind ausgeschlossen. Diese Website und die damit verbundenen Dienste werden unter dem Gesichtspunkt gr\u00f6sster Sorgfalt, Zuverl\u00e4ssigkeit und Verf\u00fcgbarkeit betrieben. Aus technischen Gr\u00fcnden ist es jedoch nicht m\u00f6glich, dass diese Dienste ohne Unterbrechung zug\u00e4nglich sind, dass die gew\u00fcnschten Verbindungen immer hergestellt werden k\u00f6nnen oder, dass gespeicherte Daten unter allen Gegebenheiten erhalten bleiben. Die st\u00e4ndige Verf\u00fcgbarkeit kann daher nicht zugesichert werden. IP-Konnektivit\u00e4t zu anderen Netzbetreibern erfolgt nach Massgabe der M\u00f6glichkeiten. Jegliche Haftung f\u00fcr Probleme, die ihre Ursache in den Netzen Dritter haben, ist ausgeschlossen. Die Nutzung anderer Netze unterliegt den Nutzungsbedingungen der jeweiligen Betreiber. Bei h\u00f6herer Gewalt, Streiks, Einschr\u00e4nkungen der Leistungen anderer Netzbetreiber oder bei Reparatur- und Wartungsarbeiten kann es zu Einschr\u00e4nkungen oder Unterbrechungen kommen, wobei f\u00fcr derartige Ausf\u00e4lle keine Haftung besteht.<\/div>\n<\/div>\n<\/div>\n<div class=\"halfwidth float-right resp-img-holder\">\n<p class=\"bodytext\"><b>Links <\/b><br \/>\nBei Verlinkungen auf weitere Online-Angebote \u00fcbernehmen wir keine Haftung \u00fcber den Inhalt, Funktionalit\u00e4t und Verf\u00fcgbarkeit der verlinkten Website(n). Dies gilt auch bei allen anderen direkten oder indirekten Verweisen oder Verlinkungen auf fremde Internetangebote. Links auf diese Website sind erw\u00fcnscht, wenn sie als externe Links in einem eigenen Browserfenster gestaltet sind. Eine \u00dcbernahme des Hauptfensters in einen Frame des Linksetzers ist unzul\u00e4ssig. Sollte eine Website, auf die wir verlinkt haben, rechtswidrige Inhalte enthalten, so bitten wir um Mitteilung, der Link wird dann umgehend entfernt.<\/p>\n<p><a href=\"https:\/\/www.moser-holzindustrie.at\/wp-content\/uploads\/2025\/08\/Allgemeine-Geschaeftsbedingungen.pdf\" target=\"_blank\" rel=\"noopener\"><strong>Allgemeine Gesch\u00e4ftsbedingungen (AGB)<\/strong><\/a><\/p>\n<\/div>\n<\/div>\n<\/div>\n","protected":false},"excerpt":{"rendered":"<p>Impressum Medieninhaber, Herausgeber, Verleger: Moser Holzindustrie GmbH A-5582 St. Michael im Lungau Unterwei\u00dfburg 70 T +43 6477-7666-0 F +43 6477-7566 office@moser-holzindustrie.at www.jedertraumhateinende.at Informationspflicht gem\u00e4\u00df Mediengesetz &amp; E-Commerce-Gesetz: Firmenbuchnummer: FN 61990 m\u2028Gerichtsstand SalzburgUID-Nummer: ATU-33378109\u2028F\u00fcr den Inhalt verantwortlich: Moser Holzindustrie GmbH Copyright, Marken- und Schutzrechte Alle Inhalte auf dieser Website sind urheberrechtlich gesch\u00fctzt. Texte, Bilder, Grafiken, Sound, [&hellip;]<\/p>\n","protected":false},"author":1,"featured_media":0,"parent":0,"menu_order":1000,"comment_status":"closed","ping_status":"closed","template":"","meta":{"_acf_changed":false,"footnotes":""},"class_list":["post-3734","page","type-page","status-publish","hentry"],"acf":[],"_links":{"self":[{"href":"https:\/\/www.moser-holzindustrie.at\/cs\/wp-json\/wp\/v2\/pages\/3734","targetHints":{"allow":["GET"]}}],"collection":[{"href":"https:\/\/www.moser-holzindustrie.at\/cs\/wp-json\/wp\/v2\/pages"}],"about":[{"href":"https:\/\/www.moser-holzindustrie.at\/cs\/wp-json\/wp\/v2\/types\/page"}],"author":[{"embeddable":true,"href":"https:\/\/www.moser-holzindustrie.at\/cs\/wp-json\/wp\/v2\/users\/1"}],"replies":[{"embeddable":true,"href":"https:\/\/www.moser-holzindustrie.at\/cs\/wp-json\/wp\/v2\/comments?post=3734"}],"version-history":[{"count":1,"href":"https:\/\/www.moser-holzindustrie.at\/cs\/wp-json\/wp\/v2\/pages\/3734\/revisions"}],"predecessor-version":[{"id":9526,"href":"https:\/\/www.moser-holzindustrie.at\/cs\/wp-json\/wp\/v2\/pages\/3734\/revisions\/9526"}],"wp:attachment":[{"href":"https:\/\/www.moser-holzindustrie.at\/cs\/wp-json\/wp\/v2\/media?parent=3734"}],"curies":[{"name":"wp","href":"https:\/\/api.w.org\/{rel}","templated":true}]}}