{"id":3711,"date":"2019-11-20T15:47:38","date_gmt":"2019-11-20T14:47:38","guid":{"rendered":"https:\/\/www.moser-holzindustrie.at\/kontakt\/"},"modified":"2020-04-23T14:13:28","modified_gmt":"2020-04-23T12:13:28","slug":"kontakt","status":"publish","type":"page","link":"https:\/\/www.moser-holzindustrie.at\/cs\/kontakt\/","title":{"rendered":"Kontakt"},"content":{"rendered":"\n<div class=\"wpcf7 no-js\" id=\"wpcf7-f3721-o1\" lang=\"de-DE\" dir=\"ltr\" data-wpcf7-id=\"3721\">\n<div class=\"screen-reader-response\"><p role=\"status\" aria-live=\"polite\" aria-atomic=\"true\"><\/p> <ul><\/ul><\/div>\n<form action=\"\/cs\/wp-json\/wp\/v2\/pages\/3711#wpcf7-f3721-o1\" method=\"post\" class=\"wpcf7-form init\" aria-label=\"Kontaktformular\" novalidate=\"novalidate\" data-status=\"init\">\n<fieldset class=\"hidden-fields-container\"><input type=\"hidden\" name=\"_wpcf7\" value=\"3721\" \/><input type=\"hidden\" name=\"_wpcf7_version\" value=\"6.1.5\" \/><input type=\"hidden\" name=\"_wpcf7_locale\" value=\"de_DE\" \/><input type=\"hidden\" name=\"_wpcf7_unit_tag\" value=\"wpcf7-f3721-o1\" \/><input type=\"hidden\" name=\"_wpcf7_container_post\" value=\"0\" \/><input type=\"hidden\" name=\"_wpcf7_posted_data_hash\" value=\"\" \/><input type=\"hidden\" name=\"_wpcf7cf_hidden_group_fields\" value=\"[]\" \/><input type=\"hidden\" name=\"_wpcf7cf_hidden_groups\" value=\"[]\" \/><input type=\"hidden\" name=\"_wpcf7cf_visible_groups\" value=\"[]\" \/><input type=\"hidden\" name=\"_wpcf7cf_repeaters\" value=\"[]\" \/><input type=\"hidden\" name=\"_wpcf7cf_steps\" value=\"{}\" \/><input type=\"hidden\" name=\"_wpcf7cf_options\" value=\"{&quot;form_id&quot;:3721,&quot;conditions&quot;:[],&quot;settings&quot;:{&quot;animation&quot;:&quot;yes&quot;,&quot;animation_intime&quot;:200,&quot;animation_outtime&quot;:200,&quot;conditions_ui&quot;:&quot;normal&quot;,&quot;notice_dismissed&quot;:false,&quot;notice_dismissed_update-cf7-5.6.4&quot;:true,&quot;notice_dismissed_update-cf7-5.8.2&quot;:true,&quot;notice_dismissed_rollback-cf7-5.9.3&quot;:true,&quot;notice_dismissed_rollback-cf7-6.0.3&quot;:true}}\" \/>\n<\/fieldset>\n<span class=\"wpcf7-form-control-wrap\" data-name=\"typo_cf7_name\"><input size=\"40\" maxlength=\"400\" class=\"wpcf7-form-control wpcf7-text typo_cf7_name\" id=\"typo_cf7_name\" aria-invalid=\"false\" placeholder=\"Jm\u00e9no\" value=\"\" type=\"text\" name=\"typo_cf7_name\" \/><\/span>\n<span class=\"wpcf7-form-control-wrap\" data-name=\"typo_cf7_email\"><input size=\"40\" maxlength=\"400\" class=\"wpcf7-form-control wpcf7-email wpcf7-validates-as-required wpcf7-text wpcf7-validates-as-email typo_cf7_email\" id=\"typo_cf7_email\" aria-required=\"true\" aria-invalid=\"false\" placeholder=\"E-mail *\" value=\"\" type=\"email\" name=\"typo_cf7_email\" \/><\/span>\n<span class=\"wpcf7-form-control-wrap\" data-name=\"typo_cf7_message\"><textarea cols=\"40\" rows=\"10\" maxlength=\"2000\" class=\"wpcf7-form-control wpcf7-textarea typo_cf7_message\" id=\"typo_cf7_message\" aria-invalid=\"false\" placeholder=\"Zpr\u00e1va\" name=\"typo_cf7_message\"><\/textarea><\/span>\n<span class=\"wpcf7-form-control-wrap\" data-name=\"typo_cf7_acceptance\"><span class=\"wpcf7-form-control wpcf7-acceptance\"><span class=\"wpcf7-list-item\"><label><input type=\"checkbox\" name=\"typo_cf7_acceptance\" value=\"1\" aria-invalid=\"false\" \/><span class=\"wpcf7-list-item-label\">Ano, souhlas\u00edm se <a rel=\"nofollow\" target=\"_blank\"  href=\"https:\/\/www.moser-holzindustrie.at\/datenschutzerklaerung\/\" target=\"_blank\">z\u00e1sadami ochrany osobn\u00edch \u00fadaj\u016f<\/a>.*<\/span><\/label><\/span><\/span><\/span>\n\n<span id=\"wpcf7-69decca7a592b-wrapper\" class=\"wpcf7-form-control-wrap typo_phone-wrap\" style=\"display:none !important; visibility:hidden !important;\"><label for=\"wpcf7-69decca7a592b-field\" class=\"hp-message\">Bitte lasse dieses Feld leer.<\/label><input id=\"wpcf7-69decca7a592b-field\"  class=\"wpcf7-form-control wpcf7-text phone\" type=\"text\" name=\"typo_phone\" value=\"\" size=\"40\" tabindex=\"-1\" autocomplete=\"new-password\" \/><\/span>\n<input class=\"wpcf7-form-control wpcf7-submit has-spinner button\" type=\"submit\" value=\"Odeslat\" \/><div class=\"wpcf7-response-output\" aria-hidden=\"true\"><\/div>\n<\/form>\n<\/div>\n\n","protected":false},"excerpt":{"rendered":"","protected":false},"author":1,"featured_media":0,"parent":0,"menu_order":90,"comment_status":"closed","ping_status":"closed","template":"page-slider.php","meta":{"_acf_changed":false,"footnotes":""},"class_list":["post-3711","page","type-page","status-publish","hentry"],"acf":[],"_links":{"self":[{"href":"https:\/\/www.moser-holzindustrie.at\/cs\/wp-json\/wp\/v2\/pages\/3711","targetHints":{"allow":["GET"]}}],"collection":[{"href":"https:\/\/www.moser-holzindustrie.at\/cs\/wp-json\/wp\/v2\/pages"}],"about":[{"href":"https:\/\/www.moser-holzindustrie.at\/cs\/wp-json\/wp\/v2\/types\/page"}],"author":[{"embeddable":true,"href":"https:\/\/www.moser-holzindustrie.at\/cs\/wp-json\/wp\/v2\/users\/1"}],"replies":[{"embeddable":true,"href":"https:\/\/www.moser-holzindustrie.at\/cs\/wp-json\/wp\/v2\/comments?post=3711"}],"version-history":[{"count":3,"href":"https:\/\/www.moser-holzindustrie.at\/cs\/wp-json\/wp\/v2\/pages\/3711\/revisions"}],"predecessor-version":[{"id":3811,"href":"https:\/\/www.moser-holzindustrie.at\/cs\/wp-json\/wp\/v2\/pages\/3711\/revisions\/3811"}],"wp:attachment":[{"href":"https:\/\/www.moser-holzindustrie.at\/cs\/wp-json\/wp\/v2\/media?parent=3711"}],"curies":[{"name":"wp","href":"https:\/\/api.w.org\/{rel}","templated":true}]}}